{"id":2342,"date":"2017-01-01T12:06:22","date_gmt":"2017-01-01T12:06:22","guid":{"rendered":"http:\/\/localhost\/dev-wp\/laundry\/?page_id=2342"},"modified":"2020-10-12T18:38:23","modified_gmt":"2020-10-12T18:38:23","slug":"kontact","status":"publish","type":"page","link":"https:\/\/sober-skradderi.se\/?page_id=2342","title":{"rendered":"kontact"},"content":{"rendered":"<p>[vc_row][vc_column][\/vc_column][\/vc_row][vc_row][vc_column][vc_empty_space height=&#8221;30px&#8221;]                        <h2 class=\" title-underline text-center\">Kontaktinformation <\/h2>\r\n\t\t  [\/vc_column][\/vc_row][vc_row][vc_column width=&#8221;1\/3&#8243;][vc_column_text]<strong>V\u00e5r adress:<\/strong><br \/>\nTorsgatan 38, 113 62<br \/>\nS:t Eriksplan &#8211; Stockholm<\/p>\n<p><strong>Ring oss:<\/strong><br \/>\nTelefon: 08-31 29 76<br \/>\nMobil: 070-43 222 48<br \/>\n<strong><em>Suhel Gorgis<\/em><\/strong><\/p>\n<ul>\n<li>M\u00e5n-Fre: 09:00 -18:00<\/li>\n<li>L\u00f6r: 10:00 -14:00<\/li>\n<li>S\u00f6n: St\u00e4ngt<\/li>\n<\/ul>\n<p>[\/vc_column_text][\/vc_column][vc_column width=&#8221;2\/3&#8243;][vc_row_inner][vc_column_inner width=&#8221;1\/12&#8243;][\/vc_column_inner][vc_column_inner width=&#8221;11\/12&#8243; css=&#8221;.vc_custom_1486450752661{padding-left: 48px !important;}&#8221;]\n<div class=\"wpcf7 no-js\" id=\"wpcf7-f6-o1\" lang=\"en-US\" dir=\"ltr\" data-wpcf7-id=\"6\">\n<div class=\"screen-reader-response\"><p role=\"status\" aria-live=\"polite\" aria-atomic=\"true\"><\/p> <ul><\/ul><\/div>\n<form action=\"\/index.php?rest_route=%2Fwp%2Fv2%2Fpages%2F2342#wpcf7-f6-o1\" method=\"post\" class=\"wpcf7-form init\" aria-label=\"Contact form\" novalidate=\"novalidate\" data-status=\"init\">\n<fieldset class=\"hidden-fields-container\"><input type=\"hidden\" name=\"_wpcf7\" value=\"6\" \/><input type=\"hidden\" name=\"_wpcf7_version\" value=\"6.1.4\" \/><input type=\"hidden\" name=\"_wpcf7_locale\" value=\"en_US\" \/><input type=\"hidden\" name=\"_wpcf7_unit_tag\" value=\"wpcf7-f6-o1\" \/><input type=\"hidden\" name=\"_wpcf7_container_post\" value=\"0\" \/><input type=\"hidden\" name=\"_wpcf7_posted_data_hash\" value=\"\" \/>\n<\/fieldset>\n<p><label> Ditt namn (obligatoriskt f\u00e4lt)<br \/>\n<span class=\"wpcf7-form-control-wrap\" data-name=\"your-name\"><input size=\"40\" maxlength=\"400\" class=\"wpcf7-form-control wpcf7-text wpcf7-validates-as-required\" aria-required=\"true\" aria-invalid=\"false\" value=\"\" type=\"text\" name=\"your-name\" \/><\/span> <\/label>\n<\/p>\n<p><label> Din emailadress (obligatoriskt f\u00e4lt)<br \/>\n<span class=\"wpcf7-form-control-wrap\" data-name=\"your-email\"><input size=\"40\" maxlength=\"400\" class=\"wpcf7-form-control wpcf7-email wpcf7-validates-as-required wpcf7-text wpcf7-validates-as-email\" aria-required=\"true\" aria-invalid=\"false\" value=\"\" type=\"email\" name=\"your-email\" \/><\/span> <\/label>\n<\/p>\n<p><label> \u00c4mne<br \/>\n<span class=\"wpcf7-form-control-wrap\" data-name=\"your-subject\"><input size=\"40\" maxlength=\"400\" class=\"wpcf7-form-control wpcf7-text\" aria-invalid=\"false\" value=\"\" type=\"text\" name=\"your-subject\" \/><\/span> <\/label>\n<\/p>\n<p><label> Ditt meddelande<br \/>\n<span class=\"wpcf7-form-control-wrap\" data-name=\"your-message\"><textarea cols=\"40\" rows=\"10\" maxlength=\"2000\" class=\"wpcf7-form-control wpcf7-textarea\" aria-invalid=\"false\" name=\"your-message\"><\/textarea><\/span> <\/label>\n<\/p>\n<p><input class=\"wpcf7-form-control wpcf7-submit has-spinner\" type=\"submit\" value=\"Skicka\" \/>\n<\/p><div class=\"wpcf7-response-output\" aria-hidden=\"true\"><\/div>\n<\/form>\n<\/div>\n[\/vc_column_inner][\/vc_row_inner][\/vc_column][\/vc_row][vc_row][vc_column][vc_gmaps link=&#8221;#E-8_JTNDaWZyYW1lJTIwc3JjJTNEJTIyaHR0cHMlM0ElMkYlMkZ3d3cuZ29vZ2xlLmNvbSUyRm1hcHMlMkZlbWJlZCUzRnBiJTNEJTIxMW0xOCUyMTFtMTIlMjExbTMlMjExZDIwMzQuMzgyNzgyNzM3MDc2JTIxMmQxOC4wMzgyMTA1ODM5MjcxNiUyMTNkNTkuMzQzMjU3OTgxNjYzNzElMjEybTMlMjExZjAlMjEyZjAlMjEzZjAlMjEzbTIlMjExaTEwMjQlMjEyaTc2OCUyMTRmMTMuMSUyMTNtMyUyMTFtMiUyMTFzMHg0NjVmOWQ3YWVhODBiZGZmJTI1M0EweGNhNDQxYTIyNTBmYjhhNDclMjEyelZHOXljMmRoZEdGdUxDQlRkRzlqYTJodmJHMHNJTmluMllUWXM5bUkyWXJZcnclMjE1ZTAlMjEzbTIlMjExc2FyJTIxMnMlMjE0djE1MTg5NDk2NDY2MDclMjIlMjB3aWR0aCUzRCUyMjI1MDAlMjIlMjBoZWlnaHQlM0QlMjIzMDAlMjIlMjBmcmFtZWJvcmRlciUzRCUyMjAlMjIlMjBzdHlsZSUzRCUyMmJvcmRlciUzQTAlMjIlMjBhbGxvd2Z1bGxzY3JlZW4lM0UlM0MlMkZpZnJhbWUlM0U=&#8221; size=&#8221;300&#8243; css_animation=&#8221;appear&#8221;][\/vc_column][\/vc_row]<\/p>\n","protected":false},"excerpt":{"rendered":"<p>[vc_row][vc_column][\/vc_column][\/vc_row][vc_row][vc_column][vc_empty_space height=&#8221;30px&#8221;][\/vc_column][\/vc_row][vc_row][vc_column width=&#8221;1\/3&#8243;][vc_column_text]V\u00e5r adress: Torsgatan 38, 113 62 S:t Eriksplan &#8211; Stockholm Ring oss: Telefon: 08-31 29 76 Mobil: 070-43 222 48 Suhel Gorgis M\u00e5n-Fre: 09:00 -18:00 L\u00f6r: 10:00 -14:00 S\u00f6n: St\u00e4ngt [\/vc_column_text][\/vc_column][vc_column width=&#8221;2\/3&#8243;][vc_row_inner][vc_column_inner width=&#8221;1\/12&#8243;][\/vc_column_inner][vc_column_inner width=&#8221;11\/12&#8243; css=&#8221;.vc_custom_1486450752661{padding-left: 48px !important;}&#8221;][\/vc_column_inner][\/vc_row_inner][\/vc_column][\/vc_row][vc_row][vc_column][vc_gmaps link=&#8221;#E-8_JTNDaWZyYW1lJTIwc3JjJTNEJTIyaHR0cHMlM0ElMkYlMkZ3d3cuZ29vZ2xlLmNvbSUyRm1hcHMlMkZlbWJlZCUzRnBiJTNEJTIxMW0xOCUyMTFtMTIlMjExbTMlMjExZDIwMzQuMzgyNzgyNzM3MDc2JTIxMmQxOC4wMzgyMTA1ODM5MjcxNiUyMTNkNTkuMzQzMjU3OTgxNjYzNzElMjEybTMlMjExZjAlMjEyZjAlMjEzZjAlMjEzbTIlMjExaTEwMjQlMjEyaTc2OCUyMTRmMTMuMSUyMTNtMyUyMTFtMiUyMTFzMHg0NjVmOWQ3YWVhODBiZGZmJTI1M0EweGNhNDQxYTIyNTBmYjhhNDclMjEyelZHOXljMmRoZEdGdUxDQlRkRzlqYTJodmJHMHNJTmluMllUWXM5bUkyWXJZcnclMjE1ZTAlMjEzbTIlMjExc2FyJTIxMnMlMjE0djE1MTg5NDk2NDY2MDclMjIlMjB3aWR0aCUzRCUyMjI1MDAlMjIlMjBoZWlnaHQlM0QlMjIzMDAlMjIlMjBmcmFtZWJvcmRlciUzRCUyMjAlMjIlMjBzdHlsZSUzRCUyMmJvcmRlciUzQTAlMjIlMjBhbGxvd2Z1bGxzY3JlZW4lM0UlM0MlMkZpZnJhbWUlM0U=&#8221; size=&#8221;300&#8243; css_animation=&#8221;appear&#8221;][\/vc_column][\/vc_row]<\/p>\n","protected":false},"author":1,"featured_media":0,"parent":0,"menu_order":0,"comment_status":"closed","ping_status":"closed","template":"","meta":{"footnotes":""},"class_list":["post-2342","page","type-page","status-publish","hentry"],"_links":{"self":[{"href":"https:\/\/sober-skradderi.se\/index.php?rest_route=\/wp\/v2\/pages\/2342","targetHints":{"allow":["GET"]}}],"collection":[{"href":"https:\/\/sober-skradderi.se\/index.php?rest_route=\/wp\/v2\/pages"}],"about":[{"href":"https:\/\/sober-skradderi.se\/index.php?rest_route=\/wp\/v2\/types\/page"}],"author":[{"embeddable":true,"href":"https:\/\/sober-skradderi.se\/index.php?rest_route=\/wp\/v2\/users\/1"}],"replies":[{"embeddable":true,"href":"https:\/\/sober-skradderi.se\/index.php?rest_route=%2Fwp%2Fv2%2Fcomments&post=2342"}],"version-history":[{"count":15,"href":"https:\/\/sober-skradderi.se\/index.php?rest_route=\/wp\/v2\/pages\/2342\/revisions"}],"predecessor-version":[{"id":3457,"href":"https:\/\/sober-skradderi.se\/index.php?rest_route=\/wp\/v2\/pages\/2342\/revisions\/3457"}],"wp:attachment":[{"href":"https:\/\/sober-skradderi.se\/index.php?rest_route=%2Fwp%2Fv2%2Fmedia&parent=2342"}],"curies":[{"name":"wp","href":"https:\/\/api.w.org\/{rel}","templated":true}]}}