{"id":2416,"date":"2017-01-02T09:54:47","date_gmt":"2017-01-02T09:54:47","guid":{"rendered":"http:\/\/wpdemoz1.com\/laundrydrycleaning\/?page_id=2416"},"modified":"2018-02-27T22:07:36","modified_gmt":"2018-02-27T22:07:36","slug":"om-oss","status":"publish","type":"page","link":"https:\/\/sober-skradderi.se\/?page_id=2416","title":{"rendered":"Om oss"},"content":{"rendered":"<p>[vc_row css=&#8221;.vc_custom_1497242032120{margin-top: 80px !important;}&#8221;][vc_column]                        <h2 class=\" title-underline text-center\">Om oss<\/h2>\r\n\t\t  [vc_column_text]<img loading=\"lazy\" decoding=\"async\" class=\"alignright wp-image-3393\" src=\"https:\/\/sober-skradderi.se\/wp-content\/uploads\/2018\/02\/om-oss4-300x228.jpg\" alt=\"\" width=\"500\" height=\"380\" srcset=\"https:\/\/sober-skradderi.se\/wp-content\/uploads\/2018\/02\/om-oss4-300x228.jpg 300w, https:\/\/sober-skradderi.se\/wp-content\/uploads\/2018\/02\/om-oss4-768x583.jpg 768w, https:\/\/sober-skradderi.se\/wp-content\/uploads\/2018\/02\/om-oss4-1024x777.jpg 1024w, https:\/\/sober-skradderi.se\/wp-content\/uploads\/2018\/02\/om-oss4.jpg 1042w\" sizes=\"auto, (max-width: 500px) 100vw, 500px\" \/><\/p>\n<p>Vi \u00e4r kunniga och har mer \u00e4n 40 \u00e5rs erfarenhet i skr\u00e4dderi och kemtv\u00e4tt. Vi har den b\u00e4sta kvaliteten i v\u00e5ra tj\u00e4nster och erbjuder skr\u00e4ddarsydda l\u00f6sningar f\u00f6r specialplagg, samt kemtv\u00e4tt av alla typer av kl\u00e4der som kostymer och dr\u00e4kter, men \u00e4ven mattor, t\u00e4cken, dukar, gardiner, mocka och skinn mm.<br \/>\nVi lyssnar alltid p\u00e5 kundens \u00f6nskem\u00e5l och krav oavsett om det r\u00f6r sig om en snabb \u00e4ndring eller n\u00e5got mer avancerat. Vi vill att du som kund ska k\u00e4nna dig trygg och samtidigt kunna r\u00e4kna med att du alltid f\u00e5r det b\u00e4sta resultatet hos oss!<\/p>\n<p>Tveka inte att <a href=\"https:\/\/sober-skradderi.se\/kontact\/\"><span style=\"color: #3399ff;\">kontakta oss<\/span><\/a> om ni har fr\u00e5gor eller om ni vill f\u00e5 reda p\u00e5 mer om vad vi kan erbjuda.[\/vc_column_text][\/vc_column][\/vc_row]<\/p>\n","protected":false},"excerpt":{"rendered":"<p>[vc_row css=&#8221;.vc_custom_1497242032120{margin-top: 80px !important;}&#8221;][vc_column][vc_column_text] Vi \u00e4r kunniga och har mer \u00e4n 40 \u00e5rs erfarenhet i skr\u00e4dderi och kemtv\u00e4tt. Vi har den b\u00e4sta kvaliteten i v\u00e5ra tj\u00e4nster och erbjuder skr\u00e4ddarsydda l\u00f6sningar f\u00f6r specialplagg, samt kemtv\u00e4tt av alla typer av kl\u00e4der som kostymer och dr\u00e4kter, men \u00e4ven mattor, t\u00e4cken, dukar, gardiner, mocka och skinn mm. Vi lyssnar [&hellip;]<\/p>\n","protected":false},"author":1,"featured_media":0,"parent":0,"menu_order":0,"comment_status":"closed","ping_status":"closed","template":"","meta":{"footnotes":""},"class_list":["post-2416","page","type-page","status-publish","hentry"],"_links":{"self":[{"href":"https:\/\/sober-skradderi.se\/index.php?rest_route=\/wp\/v2\/pages\/2416","targetHints":{"allow":["GET"]}}],"collection":[{"href":"https:\/\/sober-skradderi.se\/index.php?rest_route=\/wp\/v2\/pages"}],"about":[{"href":"https:\/\/sober-skradderi.se\/index.php?rest_route=\/wp\/v2\/types\/page"}],"author":[{"embeddable":true,"href":"https:\/\/sober-skradderi.se\/index.php?rest_route=\/wp\/v2\/users\/1"}],"replies":[{"embeddable":true,"href":"https:\/\/sober-skradderi.se\/index.php?rest_route=%2Fwp%2Fv2%2Fcomments&post=2416"}],"version-history":[{"count":31,"href":"https:\/\/sober-skradderi.se\/index.php?rest_route=\/wp\/v2\/pages\/2416\/revisions"}],"predecessor-version":[{"id":3421,"href":"https:\/\/sober-skradderi.se\/index.php?rest_route=\/wp\/v2\/pages\/2416\/revisions\/3421"}],"wp:attachment":[{"href":"https:\/\/sober-skradderi.se\/index.php?rest_route=%2Fwp%2Fv2%2Fmedia&parent=2416"}],"curies":[{"name":"wp","href":"https:\/\/api.w.org\/{rel}","templated":true}]}}