{"id":701,"date":"2011-05-20T18:49:43","date_gmt":"2011-05-20T18:49:43","guid":{"rendered":"http:\/\/wpthemetestdata.wordpress.com\/?page_id=701"},"modified":"2025-11-20T21:50:16","modified_gmt":"2025-11-20T21:50:16","slug":"front-page","status":"publish","type":"page","link":"https:\/\/sober-skradderi.se\/","title":{"rendered":"HEM"},"content":{"rendered":"<p>[vc_row][vc_column][rev_slider_vc alias=&#8221;home&#8221;][\/vc_column][\/vc_row][vc_row el_class=&#8221;service-box-1&#8243;][vc_column]<div class=\"row services-box-mobile arrow-on-white \">\t\t\t\t<a class=\"col-md-4 col-sm-6 col-xs-12\" href=\"https:\/\/sober-skradderi.se\/kemtvatt\/\">\r\n\t\t\t\t\t<!-- services-box -->\r\n\t\t\t\t\t<div class=\"services-box fill-bg-1 animation\" data-animation=\"fadeInUp\" data-animation-delay=\"0.5s\">\r\n\t\t\t\t\t\t<div class=\"icon-box\">\r\n\t\t\t\t\t\t\t<svg class=\"svg-washer-icon\" version=\"1.1\" xmlns=\"http:\/\/www.w3.org\/2000\/svg\" xmlns:xlink=\"http:\/\/www.w3.org\/1999\/xlink\" width=\"300\" height=\"300\" viewBox=\"0 0 32 32\">\r\n\t\t\t\t\t\t\t\t\t<path d=\"M29 29c0 1.519-1.231 2.75-2.75 2.75h-20.5c-1.519 0-2.75-1.231-2.75-2.75v-26c0-1.519 1.231-2.75 2.75-2.75h20.5c1.519 0 2.75 1.231 2.75 2.75v26zM27.5 3c0-0.69-0.56-1.25-1.25-1.25h-20.5c-0.69 0-1.25 0.56-1.25 1.25v26c0 0.69 0.56 1.25 1.25 1.25h20.5c0.69 0 1.25-0.56 1.25-1.25v-26z\"><\/path>\r\n\t\t\t\t\t\t\t\t\t<path d=\"M28.036 9.75h-24.5c-0.414 0-0.537-0.336-0.537-0.75v-5.76c0-1.537 1.226-2.99 2.749-2.99h20.31c1.607 0 2.94 1.576 2.94 2.99v5.76c0 0.414-0.55 0.75-0.964 0.75zM4.5 8.25h23v-5.009c0-0.675-0.761-1.491-1.44-1.491h-20.31c-0.684 0-1.249 0.794-1.249 1.491v5.009z\"><\/path>\r\n\t\t\t\t\t\t\t\t\t<path d=\"M11.75 9.5c-0.414 0-0.75-0.336-0.75-0.75v-7.5c0-0.414 0.336-0.75 0.75-0.75s0.75 0.336 0.75 0.75v7.5c0 0.414-0.336 0.75-0.75 0.75z\"><\/path>\r\n\t\t\t\t\t\t\t\t\t<path d=\"M25.603 5.12c0 0.714-0.578 1.293-1.293 1.293s-1.293-0.579-1.293-1.293c0-0.714 0.578-1.293 1.293-1.293s1.293 0.579 1.293 1.293z\"><\/path>\r\n\t\t\t\t\t\t\t\t\t<path d=\"M21.982 5.12c0 0.714-0.578 1.293-1.293 1.293s-1.293-0.579-1.293-1.293c0-0.714 0.578-1.293 1.293-1.293s1.293 0.579 1.293 1.293z\"><\/path>\r\n\t\t\t\t\t\t\t\t\t<path d=\"M18.362 5.12c0 0.714-0.58 1.293-1.293 1.293-0.714 0-1.293-0.579-1.293-1.293s0.578-1.293 1.293-1.293c0.714 0 1.293 0.579 1.293 1.293z\"><\/path>\r\n\t\t\t\t\t\t\t\t\t<g class=\"disc\">\r\n\t\t\t\t\t\t\t\t\t\t<path d=\"M15.613 27.917c-3.961 0-7.183-3.222-7.183-7.183s3.222-7.183 7.183-7.183c3.96 0 7.183 3.222 7.183 7.183s-3.223 7.183-7.183 7.183zM15.613 15.051c-3.134 0-5.683 2.549-5.683 5.683s2.55 5.683 5.683 5.683c3.133 0 5.683-2.55 5.683-5.683s-2.55-5.683-5.683-5.683z\"><\/path>\r\n\t\t\t\t\t\t\t\t\t\t<path d=\"M12.876 23.106c-1.754 0-3.277-1.023-4.047-1.842-0.284-0.302-0.27-0.776 0.032-1.060 0.3-0.284 0.774-0.271 1.058 0.030v0c0.104 0.109 2.57 2.636 5.094 0.521 2.857-2.391 5.86-1.037 7.047 0.013 0.31 0.274 0.34 0.748 0.066 1.058s-0.749 0.34-1.058 0.066c-0.099-0.087-2.521-2.139-5.091 0.013-1.045 0.875-2.11 1.201-3.1 1.201z\"><\/path>\r\n\t\t\t\t\t\t\t\t\t\t<path d=\"M19.655 22.189c0 0.286-0.231 0.517-0.517 0.517s-0.517-0.231-0.517-0.517c0-0.285 0.231-0.517 0.517-0.517s0.517 0.231 0.517 0.517z\"><\/path>\r\n\t\t\t\t\t\t\t\t\t\t<path d=\"M19.137 24.258c0 0.285-0.231 0.517-0.517 0.517s-0.517-0.232-0.517-0.517 0.232-0.517 0.517-0.517c0.285 0 0.517 0.231 0.517 0.517z\"><\/path>\r\n\t\t\t\t\t\t\t\t\t\t<path d=\"M17.068 22.706c0 0.285-0.231 0.517-0.517 0.517s-0.517-0.231-0.517-0.517c0-0.286 0.231-0.517 0.517-0.517s0.517 0.231 0.517 0.517z\"><\/path>\r\n\t\t\t\t\t\t\t\t\t\t<path d=\"M16.034 24.775c0 0.285-0.231 0.517-0.517 0.517s-0.517-0.231-0.517-0.517c0-0.286 0.231-0.517 0.517-0.517s0.517 0.231 0.517 0.517z\"><\/path>\r\n\t\t\t\t\t\t\t\t\t\t<path d=\"M12.93 23.74c0 0.285-0.231 0.517-0.517 0.517s-0.517-0.231-0.517-0.517 0.231-0.517 0.517-0.517c0.286 0 0.517 0.232 0.517 0.517z\"><\/path>\r\n\t\t\t\t\t\t\t\t\t<\/g>\r\n\t\t\t\t\t\t\t\t<\/svg>\t\t\t\t\t\t<\/div>\r\n\t\t\t\t\t\t<h5 class=\"title\">KEMTV\u00c4TT TJ\u00c4NSTER<\/h5>\r\n\t\t\t\t\t\t<p>\r\n\t\t\t\t\t\t\tKemtv\u00e4tt av alla typer av kl\u00e4der som kostymer och dr\u00e4kter\t\t\t\t\t\t<\/p>\r\n\t\t\t\t\t<\/div>\r\n\t\t\t\t\t<!-- \/services-box -->\r\n\t\t\t\t<\/a>\r\n\t\t\t\t\t\t\t<a class=\"col-md-4 col-sm-6 col-xs-12\" href=\"https:\/\/sober-skradderi.se\/skradderi\/\">\r\n\t\t\t\t\t<!-- services-box -->\r\n\t\t\t\t\t<div class=\"services-box fill-bg-3 animation\" data-animation=\"fadeInUp\" data-animation-delay=\"0s\">\r\n\t\t\t\t\t\t<div class=\"icon-box\">\r\n\t\t\t\t\t\t\t\t\t\t\t\t\t\t\t\t\t<i class=\"icon icon-sewing-machine\"><\/i>\r\n                                        \t\t\t\t\t\t<\/div>\r\n\t\t\t\t\t\t<h5 class=\"title\">SKR\u00c4DDERI TJ\u00c4NSTER<\/h5>\r\n\t\t\t\t\t\t<p>\r\n\t\t\t\t\t\t\tVi erbjuder skr\u00e4ddarsydda l\u00f6sningar f\u00f6r specialplagg.\t\t\t\t\t\t<\/p>\r\n\t\t\t\t\t<\/div>\r\n\t\t\t\t\t<!-- \/services-box -->\r\n\t\t\t\t<\/a>\r\n\t\t\t<\/div><!-- end .row -->[\/vc_column][\/vc_row][vc_row css=&#8221;.vc_custom_1489635707647{margin-top: 25px !important;}&#8221;][vc_column]                        <h2 class=\" title-underline text-center\">Sober Kemtv\u00e4tt &amp; Skr\u00e4dderi AB<\/h2>\r\n\t\t  [vc_column_text css_animation=&#8221;left-to-right&#8221; el_class=&#8221;laundry-text-3&#8243;]<\/p>\n<h3 style=\"text-align: center;\">Professionell kemtv\u00e4tt &amp; skr\u00e4dderi i Stockholm, S:t Eriksplan<\/h3>\n<p>&nbsp;<\/p>\n<ul>\n<li>Vi \u00e4r erfarna och kunniga, vilket g\u00f6r att du alltid kan lita p\u00e5 att du f\u00e5r b\u00e4sta m\u00f6jliga service.<\/li>\n<li>Vi erbjuder skr\u00e4ddarsydda l\u00f6sningar f\u00f6r specialplagg, samt kemtv\u00e4tt av alla typer av kl\u00e4der som kostymer och dr\u00e4kter, men \u00e4ven mattor, t\u00e4cken, dukar, gardiner, mocka och skinn mm.<\/li>\n<li>Vi lyssnar alltid p\u00e5 kundens \u00f6nskem\u00e5l och krav oavsett om det r\u00f6r sig om en snabb \u00e4ndring eller n\u00e5got mer avancerat. Vi vill att du som kund ska k\u00e4nna dig trygg och samtidigt kunna r\u00e4kna med att du alltid f\u00e5r det b\u00e4sta resultatet hos oss!<\/li>\n<\/ul>\n<p>Tveka inte att <a href=\"https:\/\/sober-skradderi.se\/kontact\/\"><span style=\"color: #3399ff;\">kontakta oss<\/span><\/a> om ni har fr\u00e5gor eller om ni vill f\u00e5 reda p\u00e5 mer om vad vi kan erbjuda.[\/vc_column_text][vc_empty_space height=&#8221;20px&#8221;][rev_slider_vc alias=&#8221;HomePageWajiha&#8221;][\/vc_column][\/vc_row][vc_row full_width=&#8221;stretch_row&#8221; css=&#8221;.vc_custom_1489635824031{padding-top: 30px !important;background-color: #f5f5f5 !important;}&#8221;][vc_column]                        <h2 class=\"text-terns   text-center\">Hur det fungerar: i 3 enkla steg?<\/h2>\r\n\t\t  <div class=\"row \"><div class=\"box-step animation\" data-animation=\"fadeIn\" data-animation-delay=\"0s\">\t\r\n\t\t\t\t\t\t\t\t<a  class=\"item col-xs-12 col-sm-3 col-md-4 \">\r\n\t\t\t\t\t\t\t\t\t<div class=\"icon\">\r\n\t\t\t\t\t\t<img decoding=\"async\" src=\"https:\/\/sober-skradderi.se\/wp-content\/uploads\/2018\/02\/img_icon_01.png\" class=\"img-responsive1 \" alt=\"\">\r\n\t\t\t\t\t<\/div>\r\n\t\t\t\t\t<h6 class=\"description\">Steg 1<\/h6>\r\n\t\t\t\t\t<h4 class=\"title\">V\u00e4ska upp alla dina smutsiga kl\u00e4der<\/h4>\r\n\t\t\t\t<\/a>\r\n\t\t\t\t\t\r\n\t\t\t\t\t\t\t\t<a  class=\"item animation col-xs-12 col-sm-3 col-md-4\" data-animation=\"fadeIn\" data-animation-delay=\"0.25s\">\r\n\t\t\t\t\t\t\t\t\t<div class=\"icon\">\r\n\t\t\t\t\t\t<img decoding=\"async\" src=\"https:\/\/sober-skradderi.se\/wp-content\/uploads\/2018\/02\/img_icon_03.png\" class=\"img-responsive1 \" alt=\"\">\r\n\t\t\t\t\t<\/div>\r\n\t\t\t\t\t<h6 class=\"description\">Steg 2<\/h6>\r\n\t\t\t\t\t<h4 class=\"title\">Vi reng\u00f6r dina kl\u00e4der<\/h4>\r\n\t\t\t\t<\/a>\r\n\t\t\t\t\t\r\n\t\t\t\t\t\t\t\t<a  class=\"item animation col-xs-12 col-sm-3 col-md-4\" data-animation=\"fadeIn\" data-animation-delay=\"0.50s\">\r\n\t\t\t\t\t\t\t\t\t<div class=\"icon\">\r\n\t\t\t\t\t\t<img decoding=\"async\" src=\"https:\/\/sober-skradderi.se\/wp-content\/uploads\/2018\/02\/img_icon_04.png\" class=\"img-responsive1 \" alt=\"\">\r\n\t\t\t\t\t<\/div>\r\n\t\t\t\t\t<h6 class=\"description\">Steg 3<\/h6>\r\n\t\t\t\t\t<h4 class=\"title\">Vi levererar rena, vikta kl\u00e4der<\/h4>\r\n\t\t\t\t<\/a>\r\n\t\t\t\t<\/div><!-- end .box-step --><\/div><!-- end .row -->[rev_slider_vc alias=&#8221;bassic&#8221;][\/vc_column][\/vc_row][vc_row][vc_column][vc_empty_space height=&#8221;20px&#8221;]                        <h2 class=\" title-underline text-center\">Varf\u00f6r v\u00e4lja oss<\/h2>\r\n\t\t  [\/vc_column][\/vc_row][vc_row css=&#8221;.vc_custom_1518608659220{margin-top: 10px !important;}&#8221;][vc_column]\t\t\t<div class=\"row permission-box-mobile arrow-on-white \">\r\n\t\t\t\t\t\t\t<!-- permission box -->\r\n\t\t<div class=\"col-sm-6 col-md-4\">\r\n\t\t\t<a href=\"\" class=\"permission-box animation \" data-animation=\"left-to-right\" data-animation-delay=\"1s\" style=\"animation-delay: 1s;\">\r\n\t\t\t\t<span class=\"icon fa fa-check\"><\/span>\r\n\t\t\t\t<div class=\"description\">\r\n\t\t\t\t\t<h4 class=\"title\">H\u00f6g Kvalitet<\/h4>\r\n\t\t\t\t\t<p>\r\n\t\t\t\t\t\tVi anv\u00e4nder den b\u00e4sta kvaliteten i v\u00e5ra produkter, f\u00f6r att f\u00f6rs\u00e4kra dig om att dina favoritkl\u00e4der alltid finns d\u00e4r f\u00f6r dig.\t\t\t\t\t<\/p>\r\n\t\t\t\t<\/div>\r\n\t\t\t<\/a>\r\n\t\t<\/div>\r\n        \t\t\t<!-- permission box -->\r\n\t\t<div class=\"col-sm-6 col-md-4\">\r\n\t\t\t<a href=\"\" class=\"permission-box animation \" data-animation=\"left-to-right\" data-animation-delay=\"2s\" style=\"animation-delay: 2s;\">\r\n\t\t\t\t<span class=\"icon icon-bright-lightbulb\"><\/span>\r\n\t\t\t\t<div class=\"description\">\r\n\t\t\t\t\t<h4 class=\"title\">Personlig erfarenhet<\/h4>\r\n\t\t\t\t\t<p>\r\n\t\t\t\t\t\tVi har en stor erfarenhet i v\u00e5ra tj\u00e4nster. Vi har jobbat i branschen i mer \u00e4n 40 \u00e5r.\t\t\t\t\t<\/p>\r\n\t\t\t\t<\/div>\r\n\t\t\t<\/a>\r\n\t\t<\/div>\r\n        \t\t\t<!-- permission box -->\r\n\t\t<div class=\"col-sm-6 col-md-4\">\r\n\t\t\t<a href=\"\" class=\"permission-box animation \" data-animation=\"left-to-right\" data-animation-delay=\"3s\" style=\"animation-delay: 3s;\">\r\n\t\t\t\t<span class=\"icon fa fa-thumbs-o-up\"><\/span>\r\n\t\t\t\t<div class=\"description\">\r\n\t\t\t\t\t<h4 class=\"title\">Bra priser<\/h4>\r\n\t\t\t\t\t<p>\r\n\t\t\t\t\t\tPriser som passar dig \u00e4r en av v\u00e5ra prioriteringar. Ett alternativ att v\u00e4lja mellan tv\u00e5 typer av priss\u00e4ttning \u00e4r tillg\u00e4nglig.\t\t\t\t\t<\/p>\r\n\t\t\t\t<\/div>\r\n\t\t\t<\/a>\r\n\t\t<\/div>\r\n        \t\t\t<\/div>\r\n\t\t[vc_empty_space height=&#8221;20px&#8221;][\/vc_column][\/vc_row][vc_row full_width=&#8221;stretch_row_content_no_spaces&#8221; css=&#8221;.vc_custom_1490839298556{margin-top: -40px !important;}&#8221;][vc_column][\/vc_column][\/vc_row][vc_row][vc_column][\/vc_column][\/vc_row]<\/p>\n","protected":false},"excerpt":{"rendered":"<p>[vc_row][vc_column][rev_slider_vc alias=&#8221;home&#8221;][\/vc_column][\/vc_row][vc_row el_class=&#8221;service-box-1&#8243;][vc_column][\/vc_column][\/vc_row][vc_row css=&#8221;.vc_custom_1489635707647{margin-top: 25px !important;}&#8221;][vc_column][vc_column_text css_animation=&#8221;left-to-right&#8221; el_class=&#8221;laundry-text-3&#8243;] Professionell kemtv\u00e4tt &amp; skr\u00e4dderi i Stockholm, S:t Eriksplan &nbsp; Vi \u00e4r erfarna och kunniga, vilket g\u00f6r att du alltid kan lita p\u00e5 att du f\u00e5r b\u00e4sta m\u00f6jliga service. Vi erbjuder skr\u00e4ddarsydda l\u00f6sningar f\u00f6r specialplagg, samt kemtv\u00e4tt av alla typer av kl\u00e4der som kostymer och dr\u00e4kter, men \u00e4ven [&hellip;]<\/p>\n","protected":false},"author":1,"featured_media":0,"parent":0,"menu_order":0,"comment_status":"closed","ping_status":"closed","template":"","meta":{"footnotes":""},"class_list":["post-701","page","type-page","status-publish","hentry"],"_links":{"self":[{"href":"https:\/\/sober-skradderi.se\/index.php?rest_route=\/wp\/v2\/pages\/701","targetHints":{"allow":["GET"]}}],"collection":[{"href":"https:\/\/sober-skradderi.se\/index.php?rest_route=\/wp\/v2\/pages"}],"about":[{"href":"https:\/\/sober-skradderi.se\/index.php?rest_route=\/wp\/v2\/types\/page"}],"author":[{"embeddable":true,"href":"https:\/\/sober-skradderi.se\/index.php?rest_route=\/wp\/v2\/users\/1"}],"replies":[{"embeddable":true,"href":"https:\/\/sober-skradderi.se\/index.php?rest_route=%2Fwp%2Fv2%2Fcomments&post=701"}],"version-history":[{"count":91,"href":"https:\/\/sober-skradderi.se\/index.php?rest_route=\/wp\/v2\/pages\/701\/revisions"}],"predecessor-version":[{"id":3499,"href":"https:\/\/sober-skradderi.se\/index.php?rest_route=\/wp\/v2\/pages\/701\/revisions\/3499"}],"wp:attachment":[{"href":"https:\/\/sober-skradderi.se\/index.php?rest_route=%2Fwp%2Fv2%2Fmedia&parent=701"}],"curies":[{"name":"wp","href":"https:\/\/api.w.org\/{rel}","templated":true}]}}